{"id":7577,"date":"2023-07-11T10:55:59","date_gmt":"2023-07-11T08:55:59","guid":{"rendered":"https:\/\/bloomdesignbcn.com\/contacto\/"},"modified":"2025-02-03T13:59:48","modified_gmt":"2025-02-03T12:59:48","slug":"contacto","status":"publish","type":"page","link":"https:\/\/bloomdesignbcn.com\/es\/contacto\/","title":{"rendered":"Contacto"},"content":{"rendered":"\t\t<div data-elementor-type=\"wp-page\" data-elementor-id=\"7577\" class=\"elementor elementor-7577 elementor-176\" data-elementor-post-type=\"page\">\n\t\t\t\t\t\t<section class=\"elementor-section elementor-top-section elementor-element elementor-element-0f32541 elementor-section-full_width n-ponte-medium--wide elementor-section-height-default elementor-section-height-default elementor-invisible\" data-id=\"0f32541\" data-element_type=\"section\" data-settings=\"{&quot;animation&quot;:&quot;h-neuron-animation--slideUp&quot;}\">\n\t\t\t\t\t\t<div class=\"elementor-container elementor-column-gap-no\">\n\t\t\t\t\t<div class=\"elementor-column elementor-col-100 elementor-top-column elementor-element elementor-element-fd1a338\" data-id=\"fd1a338\" data-element_type=\"column\">\n\t\t\t<div class=\"elementor-widget-wrap elementor-element-populated\">\n\t\t\t\t\t\t<div class=\"elementor-element elementor-element-906d30d elementor-widget elementor-widget-neuron-breadcrumbs\" data-id=\"906d30d\" data-element_type=\"widget\" data-widget_type=\"neuron-breadcrumbs.default\">\n\t\t\t\t<div class=\"elementor-widget-container\">\n\t\t\t\r\n\t\t\t<div class=\"m-neuron-breadcrumbs\" aria-label=\"You are here:\">\r\n\t\t\t\t<span class=\"m-neuron-breadcrumbs__item\"><a href=\"https:\/\/bloomdesignbcn.com\/\">Bloom design<\/a><\/span> <span class=\"m-neuron-breadcrumbs__separator\"> <i class=\"n-icon n-icon-chevron-right\"><\/i><\/span> <span class=\"m-neuron-breadcrumbs__item\" aria-current=\"page\">Contacto<\/span>\t\t\t<\/div>\r\n\r\n\t\t   \t\t<\/div>\n\t\t\t\t<\/div>\n\t\t\t\t\t<\/div>\n\t\t<\/div>\n\t\t\t\t\t<\/div>\n\t\t<\/section>\n\t\t\t\t<section class=\"elementor-section elementor-top-section elementor-element elementor-element-9930156 elementor-section-full_width elementor-section-height-min-height elementor-section-items-bottom n-ponte-medium--wide elementor-section-height-default elementor-invisible\" data-id=\"9930156\" data-element_type=\"section\" data-settings=\"{&quot;background_background&quot;:&quot;classic&quot;,&quot;animation&quot;:&quot;h-neuron-animation--slideUp&quot;}\">\n\t\t\t\t\t\t<div class=\"elementor-container elementor-column-gap-no\">\n\t\t\t\t\t<div class=\"elementor-column elementor-col-100 elementor-top-column elementor-element elementor-element-167462e\" data-id=\"167462e\" data-element_type=\"column\">\n\t\t\t<div class=\"elementor-widget-wrap elementor-element-populated\">\n\t\t\t\t\t\t<div class=\"elementor-element elementor-element-98655a4 elementor-widget elementor-widget-heading\" data-id=\"98655a4\" data-element_type=\"widget\" data-widget_type=\"heading.default\">\n\t\t\t\t<div class=\"elementor-widget-container\">\n\t\t\t<h2 class=\"elementor-heading-title elementor-size-default\">[Contacte]<\/h2>\t\t<\/div>\n\t\t\t\t<\/div>\n\t\t\t\t<div class=\"elementor-element elementor-element-c0f8dfe a-animated-heading__direction-column a-animated-heading__direction-tablet-column elementor-widget elementor-widget-neuron-animated-heading\" data-id=\"c0f8dfe\" data-element_type=\"widget\" data-settings=\"{&quot;animated_text&quot;:&quot;Contacta amb nosaltres si tens qualsevol dubte i et respondrem el m\\u00e9s aviat possible.&quot;,&quot;style&quot;:&quot;animated&quot;,&quot;animated_type&quot;:&quot;line&quot;,&quot;animated_animation&quot;:&quot;h-neuron-animation--slideUp&quot;,&quot;neuron_animations_duration&quot;:&quot;animated&quot;,&quot;animation_delay&quot;:200}\" data-widget_type=\"neuron-animated-heading.default\">\n\t\t\t\t<div class=\"elementor-widget-container\">\n\t\t\t\t\t<h4 class=\"a-animated-heading a-animated-heading--animated a-animated-heading--animated__line\" data-id=\"c0f8dfe\">\r\n\r\n\t\t\t\r\n\t\t\t<span class=\"a-animated-heading__text--dynamic-wrapper a-animated-heading__text\"><\/span>\r\n\r\n\t\t\t\r\n\t\t<\/h4>\r\n\t\t\t\t<\/div>\n\t\t\t\t<\/div>\n\t\t\t\t\t<\/div>\n\t\t<\/div>\n\t\t\t\t\t<\/div>\n\t\t<\/section>\n\t\t\t\t<section class=\"elementor-section elementor-top-section elementor-element elementor-element-dac615d elementor-section-full_width n-ponte-medium--wide elementor-section-height-default elementor-section-height-default elementor-invisible\" data-id=\"dac615d\" data-element_type=\"section\" data-settings=\"{&quot;animation&quot;:&quot;h-neuron-animation--slideUp&quot;}\">\n\t\t\t\t\t\t<div class=\"elementor-container elementor-column-gap-no\">\n\t\t\t\t\t<div class=\"elementor-column elementor-col-50 elementor-top-column elementor-element elementor-element-94c07dd\" data-id=\"94c07dd\" data-element_type=\"column\">\n\t\t\t<div class=\"elementor-widget-wrap elementor-element-populated\">\n\t\t\t\t\t\t<div class=\"elementor-element elementor-element-acc9168 elementor-widget elementor-widget-heading\" data-id=\"acc9168\" data-element_type=\"widget\" data-widget_type=\"heading.default\">\n\t\t\t\t<div class=\"elementor-widget-container\">\n\t\t\t<h2 class=\"elementor-heading-title elementor-size-default\">[contacte]<\/h2>\t\t<\/div>\n\t\t\t\t<\/div>\n\t\t\t\t<div class=\"elementor-element elementor-element-a53308f elementor-widget elementor-widget-heading\" data-id=\"a53308f\" data-element_type=\"widget\" data-widget_type=\"heading.default\">\n\t\t\t\t<div class=\"elementor-widget-container\">\n\t\t\t<h5 class=\"elementor-heading-title elementor-size-default\">Ponte en contacto<\/h5>\t\t<\/div>\n\t\t\t\t<\/div>\n\t\t\t\t<div class=\"elementor-element elementor-element-2905790 elementor-widget elementor-widget-neuron-form\" data-id=\"2905790\" data-element_type=\"widget\" data-widget_type=\"neuron-form.default\">\n\t\t\t\t<div class=\"elementor-widget-container\">\n\t\t\t\t\t<form class=\"m-neuron-form\" method=\"post\" name=\"New Form\">\r\n\t\t\t<input type=\"hidden\" name=\"post_id\" value=\"7577\"\/>\r\n\t\t\t<input type=\"hidden\" name=\"form_id\" value=\"2905790\"\/>\r\n\r\n\t\t\t\t\t\t<div class=\"m-neuron-form__field-group--text m-neuron-form__field-group elementor-repeater-item-75f7fed\">\r\n\t\t\t\t<input size=\"1\" type=\"text\" name=\"form_fields[nom]\" id=\"form-field-nom\" class=\"m-neuron-form__field h-neuron-size-sm  m-neuron-form__input\" placeholder=\"Nombre\">\t\t\t<\/div>\r\n\t\t\t\t\t\t<div class=\"m-neuron-form__field-group--email m-neuron-form__field-group elementor-repeater-item-acffabe m-neuron-form__field-group--required\">\r\n\t\t\t\t<input size=\"1\" type=\"email\" name=\"form_fields[email]\" id=\"form-field-email\" class=\"m-neuron-form__field h-neuron-size-sm  m-neuron-form__input\" placeholder=\"Correo electr\u00f3nico\" required=\"required\" aria-required=\"true\">\t\t\t<\/div>\r\n\t\t\t\t\t\t<div class=\"m-neuron-form__field-group--textarea m-neuron-form__field-group elementor-repeater-item-a1e42cf\">\r\n\t\t\t\t<textarea class=\"m-neuron-form__field  h-neuron-size-sm\" name=\"form_fields[message]\" id=\"form-field-message\" rows=\"4\" placeholder=\"H\u00e1blanos un poco de tu proyecto...\"><\/textarea>\t\t\t<\/div>\r\n\t\t\t\t\t\t<div class=\"m-neuron-form__field-group--acceptance m-neuron-form__field-group elementor-repeater-item-6823b84 m-neuron-form__field-group--required\">\r\n\t\t\t\t<label for=\"form-field-field_6823b84\" class=\"m-neuron-form__label\">He le\u00eddo y acepto la <a href=\"\/politica-de-privacidad\/\" target=\"_blank\">pol\u00edtica de privacidad<\/a>.<\/label><div class=\"m-neuron-form__subgroup\"><span class=\"elementor-field-option\"><input type=\"checkbox\" name=\"form_fields[field_6823b84]\" id=\"form-field-field_6823b84\" class=\"m-neuron-form__field h-neuron-size-sm  m-neuron-form__label elementor-acceptance-field\" required=\"required\" aria-required=\"true\"> <\/span><\/div>\t\t\t<\/div>\r\n\t\t\t\t\t\t<div class=\"m-neuron-form__field-group m-neuron-form__button\">\r\n\t\t\t\t<button type=\"submit\" class=\"m-neuron-form__submit-button a-neuron-button h-neuron-size--sm\">\r\n\t\t\t\t\t<span >\r\n\t\t\t\t\t\t\t\t\t\t\t\t\t<span class=\"m-neuron-form__button-icon\">\r\n\t\t\t\t\t\t\t\t\t\t\t\t\t\t\t\t\t\t\t\t\t\t\t<\/span>\r\n\t\t\t\t\t\t\t\t\t\t\t\t\t\t\t\t\t\t\t<span class=\"m-neuron-form__button-text\">Enviar<\/span>\r\n\t\t\t\t\t\t\t\t\t\t\t<\/span>\r\n\t\t\t\t<\/button>\r\n\t\t\t<\/div>\r\n\t\t<\/form>\r\n\t\t\t\t<\/div>\n\t\t\t\t<\/div>\n\t\t\t\t\t<\/div>\n\t\t<\/div>\n\t\t\t\t<div class=\"elementor-column elementor-col-50 elementor-top-column elementor-element elementor-element-97adf6a\" data-id=\"97adf6a\" data-element_type=\"column\">\n\t\t\t<div class=\"elementor-widget-wrap elementor-element-populated\">\n\t\t\t\t\t\t<div class=\"elementor-element elementor-element-31ea2d0 elementor-widget elementor-widget-heading\" data-id=\"31ea2d0\" data-element_type=\"widget\" data-widget_type=\"heading.default\">\n\t\t\t\t<div class=\"elementor-widget-container\">\n\t\t\t<h2 class=\"elementor-heading-title elementor-size-default\">David Bloom<\/h2>\t\t<\/div>\n\t\t\t\t<\/div>\n\t\t\t\t<div class=\"elementor-element elementor-element-9ad4782 elementor-widget elementor-widget-heading\" data-id=\"9ad4782\" data-element_type=\"widget\" data-widget_type=\"heading.default\">\n\t\t\t\t<div class=\"elementor-widget-container\">\n\t\t\t<h2 class=\"elementor-heading-title elementor-size-default\">Creativo de Proyectos<\/h2>\t\t<\/div>\n\t\t\t\t<\/div>\n\t\t\t\t<div class=\"elementor-element elementor-element-85e775e elementor-widget elementor-widget-heading\" data-id=\"85e775e\" data-element_type=\"widget\" data-widget_type=\"heading.default\">\n\t\t\t\t<div class=\"elementor-widget-container\">\n\t\t\t<h2 class=\"elementor-heading-title elementor-size-default\">T. 606 416 600<\/h2>\t\t<\/div>\n\t\t\t\t<\/div>\n\t\t\t\t<div class=\"elementor-element elementor-element-7947e17 elementor-widget elementor-widget-heading\" data-id=\"7947e17\" data-element_type=\"widget\" data-widget_type=\"heading.default\">\n\t\t\t\t<div class=\"elementor-widget-container\">\n\t\t\t<h2 class=\"elementor-heading-title elementor-size-default\">Lunes a Viernes de 9 a 18h<\/h2>\t\t<\/div>\n\t\t\t\t<\/div>\n\t\t\t\t<div class=\"elementor-element elementor-element-66b835b elementor-widget elementor-widget-heading\" data-id=\"66b835b\" data-element_type=\"widget\" data-widget_type=\"heading.default\">\n\t\t\t\t<div class=\"elementor-widget-container\">\n\t\t\t<h2 class=\"elementor-heading-title elementor-size-default\">Jordi Garrig\u00f3s<\/h2>\t\t<\/div>\n\t\t\t\t<\/div>\n\t\t\t\t<div class=\"elementor-element elementor-element-2ab9985 elementor-widget elementor-widget-heading\" data-id=\"2ab9985\" data-element_type=\"widget\" data-widget_type=\"heading.default\">\n\t\t\t\t<div class=\"elementor-widget-container\">\n\t\t\t<h2 class=\"elementor-heading-title elementor-size-default\">Coordinador de Proyectos y Administraci\u00f3n<\/h2>\t\t<\/div>\n\t\t\t\t<\/div>\n\t\t\t\t<div class=\"elementor-element elementor-element-9e3c484 elementor-widget elementor-widget-heading\" data-id=\"9e3c484\" data-element_type=\"widget\" data-widget_type=\"heading.default\">\n\t\t\t\t<div class=\"elementor-widget-container\">\n\t\t\t<h2 class=\"elementor-heading-title elementor-size-default\">T. 686 967 215<\/h2>\t\t<\/div>\n\t\t\t\t<\/div>\n\t\t\t\t<div class=\"elementor-element elementor-element-f073a75 elementor-widget elementor-widget-heading\" data-id=\"f073a75\" data-element_type=\"widget\" data-widget_type=\"heading.default\">\n\t\t\t\t<div class=\"elementor-widget-container\">\n\t\t\t<h2 class=\"elementor-heading-title elementor-size-default\">Lunes a Viernes de 9 a 18h<\/h2>\t\t<\/div>\n\t\t\t\t<\/div>\n\t\t\t\t<div class=\"elementor-element elementor-element-e0e07cd elementor-widget elementor-widget-heading\" data-id=\"e0e07cd\" data-element_type=\"widget\" data-widget_type=\"heading.default\">\n\t\t\t\t<div class=\"elementor-widget-container\">\n\t\t\t<h2 class=\"elementor-heading-title elementor-size-default\">Donde estamos<\/h2>\t\t<\/div>\n\t\t\t\t<\/div>\n\t\t\t\t<div class=\"elementor-element elementor-element-cc1234b elementor-widget elementor-widget-heading\" data-id=\"cc1234b\" data-element_type=\"widget\" data-widget_type=\"heading.default\">\n\t\t\t\t<div class=\"elementor-widget-container\">\n\t\t\t<h2 class=\"elementor-heading-title elementor-size-default\">Calle del Camp, 23<br> Sarri\u00e0-Sant Gervasi 08022<br> Barcelona<\/h2>\t\t<\/div>\n\t\t\t\t<\/div>\n\t\t\t\t<div class=\"elementor-element elementor-element-945a294 elementor-widget elementor-widget-heading\" data-id=\"945a294\" data-element_type=\"widget\" data-widget_type=\"heading.default\">\n\t\t\t\t<div class=\"elementor-widget-container\">\n\t\t\t<h2 class=\"elementor-heading-title elementor-size-default\">T. 606 416 600<\/h2>\t\t<\/div>\n\t\t\t\t<\/div>\n\t\t\t\t<div class=\"elementor-element elementor-element-d89ab3e elementor-widget elementor-widget-heading\" data-id=\"d89ab3e\" data-element_type=\"widget\" data-widget_type=\"heading.default\">\n\t\t\t\t<div class=\"elementor-widget-container\">\n\t\t\t<h2 class=\"elementor-heading-title elementor-size-default\"><a href=\"mailto:info@bloomdesignbcn.com\">info@bloomdesignbcn.com<\/a><\/h2>\t\t<\/div>\n\t\t\t\t<\/div>\n\t\t\t\t\t<\/div>\n\t\t<\/div>\n\t\t\t\t\t<\/div>\n\t\t<\/section>\n\t\t\t\t<\/div>\n\t\t","protected":false},"excerpt":{"rendered":"<p>Bloom design Contacto [Contacte] [contacte] Ponte en contacto David Bloom Creativo de Proyectos T. 606 416 600 Lunes a Viernes de 9 a 18h Jordi Garrig\u00f3s Coordinador de Proyectos y Administraci\u00f3n T. 686 967 215 Lunes a Viernes de 9 a 18h Donde estamos Calle del Camp, 23 Sarri\u00e0-Sant Gervasi 08022 Barcelona T. 606 416&#8230;<\/p>\n","protected":false},"author":1,"featured_media":0,"parent":0,"menu_order":0,"comment_status":"closed","ping_status":"closed","template":"","meta":{"_acf_changed":false,"footnotes":""},"class_list":["post-7577","page","type-page","status-publish","hentry"],"acf":[],"_links":{"self":[{"href":"https:\/\/bloomdesignbcn.com\/es\/wp-json\/wp\/v2\/pages\/7577","targetHints":{"allow":["GET"]}}],"collection":[{"href":"https:\/\/bloomdesignbcn.com\/es\/wp-json\/wp\/v2\/pages"}],"about":[{"href":"https:\/\/bloomdesignbcn.com\/es\/wp-json\/wp\/v2\/types\/page"}],"author":[{"embeddable":true,"href":"https:\/\/bloomdesignbcn.com\/es\/wp-json\/wp\/v2\/users\/1"}],"replies":[{"embeddable":true,"href":"https:\/\/bloomdesignbcn.com\/es\/wp-json\/wp\/v2\/comments?post=7577"}],"version-history":[{"count":6,"href":"https:\/\/bloomdesignbcn.com\/es\/wp-json\/wp\/v2\/pages\/7577\/revisions"}],"predecessor-version":[{"id":7876,"href":"https:\/\/bloomdesignbcn.com\/es\/wp-json\/wp\/v2\/pages\/7577\/revisions\/7876"}],"wp:attachment":[{"href":"https:\/\/bloomdesignbcn.com\/es\/wp-json\/wp\/v2\/media?parent=7577"}],"curies":[{"name":"wp","href":"https:\/\/api.w.org\/{rel}","templated":true}]}}