{"id":7551,"date":"2023-07-24T09:53:28","date_gmt":"2023-07-24T07:53:28","guid":{"rendered":"https:\/\/bloomdesignbcn.com\/proyectos-2\/"},"modified":"2024-12-04T11:11:56","modified_gmt":"2024-12-04T10:11:56","slug":"proyectos","status":"publish","type":"page","link":"https:\/\/bloomdesignbcn.com\/es\/proyectos\/","title":{"rendered":"Proyectos"},"content":{"rendered":"\t\t<div data-elementor-type=\"wp-page\" data-elementor-id=\"7551\" class=\"elementor elementor-7551 elementor-843\" data-elementor-post-type=\"page\">\n\t\t\t\t\t\t<section class=\"elementor-section elementor-top-section elementor-element elementor-element-2bdc86d6 elementor-section-full_width elementor-section-height-min-height elementor-section-height-default elementor-section-items-middle elementor-invisible\" data-id=\"2bdc86d6\" data-element_type=\"section\" data-settings=\"{&quot;background_background&quot;:&quot;classic&quot;,&quot;animation&quot;:&quot;h-neuron-animation--slideUp&quot;}\">\n\t\t\t\t\t\t<div class=\"elementor-container elementor-column-gap-no\">\n\t\t\t\t\t<div class=\"elementor-column elementor-col-100 elementor-top-column elementor-element elementor-element-6c5bcb5e\" data-id=\"6c5bcb5e\" data-element_type=\"column\">\n\t\t\t<div class=\"elementor-widget-wrap elementor-element-populated\">\n\t\t\t\t\t\t<div class=\"elementor-element elementor-element-19eb8c9e m-neuron-portfolio__overlay--active m-neuron-portfolio__overlay--color neuron-dots--style__numbers neuron-swiper--overflow-hidden neuron-swiper--tablet-overflow-hidden neuron-swiper--mobile-overflow-hidden m-neuron-portfolio--hover-translate neuron-arrows-animation--none neuron-dots--orientation__horizontal elementor-widget elementor-widget-neuron-portfolio\" data-id=\"19eb8c9e\" data-element_type=\"widget\" data-settings=\"{&quot;slides_per_view&quot;:&quot;1&quot;,&quot;carousel&quot;:&quot;yes&quot;,&quot;space_between&quot;:{&quot;unit&quot;:&quot;px&quot;,&quot;size&quot;:0,&quot;sizes&quot;:[]},&quot;dots_style&quot;:&quot;numbers&quot;,&quot;slides_per_view_tablet&quot;:&quot;1&quot;,&quot;infinite&quot;:&quot;yes&quot;,&quot;slides_per_view_mobile&quot;:&quot;1&quot;,&quot;slides_to_scroll&quot;:&quot;1&quot;,&quot;slides_to_scroll_tablet&quot;:&quot;1&quot;,&quot;slides_to_scroll_mobile&quot;:&quot;1&quot;,&quot;navigation&quot;:&quot;arrows-dots&quot;,&quot;pause_on_hover&quot;:&quot;yes&quot;,&quot;centered_slides&quot;:&quot;no&quot;,&quot;keyboard_navigation&quot;:&quot;yes&quot;,&quot;autoplay&quot;:&quot;no&quot;,&quot;transition_speed&quot;:500,&quot;space_between_tablet&quot;:{&quot;unit&quot;:&quot;px&quot;,&quot;size&quot;:10,&quot;sizes&quot;:[]},&quot;space_between_mobile&quot;:{&quot;unit&quot;:&quot;px&quot;,&quot;size&quot;:10,&quot;sizes&quot;:[]},&quot;neuron_animations&quot;:&quot;h-neuron-animation--slideUp&quot;,&quot;neuron_animations_duration&quot;:&quot;animated&quot;,&quot;animation_delay&quot;:0,&quot;hover_animation&quot;:&quot;translate&quot;,&quot;arrows_hover_animation&quot;:&quot;none&quot;}\" data-widget_type=\"neuron-portfolio.default\">\n\t\t\t\t<div class=\"elementor-widget-container\">\n\t\t\t\t\t\t\t<div class=\"neuron-swiper\">\r\n\t\t\t<div class=\"neuron-slides-wrapper neuron-main-swiper swiper-container\" data-animation-id=\"2563a0428b020b8b6d6084575e0dd2a5\">\r\n\t\t\r\n\t\t\t\t<div class=\"swiper-wrapper neuron-slides\" data-masonry-id=\"2563a0428b020b8b6d6084575e0dd2a5\">\r\n\t\t\t\t\t\t\t\t\t\t\t\t<article class=\"swiper-slide m-neuron-portfolio m-neuron-post post-7612 projecte type-projecte status-publish has-post-thumbnail hentry\" data-id=\"7612\">\r\n\t\t\t\t\t\t\t\t<div class=\"m-neuron-post__thumbnail--link m-neuron-portfolio__thumbnail--link\" >\r\n\t\t\t\t\t\t\t\t\t<a class=\"m-neuron-portfolio__link\" href=\"https:\/\/bloomdesignbcn.com\/es\/projecte\/villa-auri\/\"><\/a>\r\n\t\t\t\t\t\t\t\t\t<div class=\"m-neuron-post__thumbnail m-neuron-portfolio__thumbnail\"><img fetchpriority=\"high\" decoding=\"async\" width=\"2000\" height=\"1125\" src=\"https:\/\/bloomdesignbcn.com\/wp-content\/uploads\/2024\/11\/Facana-sud-nit.webp\" class=\"attachment-full size-full wp-post-image\" alt=\"\" srcset=\"https:\/\/bloomdesignbcn.com\/wp-content\/uploads\/2024\/11\/Facana-sud-nit.webp 2000w, https:\/\/bloomdesignbcn.com\/wp-content\/uploads\/2024\/11\/Facana-sud-nit-300x169.webp 300w, https:\/\/bloomdesignbcn.com\/wp-content\/uploads\/2024\/11\/Facana-sud-nit-1024x576.webp 1024w, https:\/\/bloomdesignbcn.com\/wp-content\/uploads\/2024\/11\/Facana-sud-nit-768x432.webp 768w, https:\/\/bloomdesignbcn.com\/wp-content\/uploads\/2024\/11\/Facana-sud-nit-1536x864.webp 1536w, https:\/\/bloomdesignbcn.com\/wp-content\/uploads\/2024\/11\/Facana-sud-nit-600x338.webp 600w\" sizes=\"(max-width: 2000px) 100vw, 2000px\" \/><\/div>\t\t\t\t\t\t\t\t\t<div class=\"m-neuron-portfolio__overlay\">\r\n\t\t\t\t\t\t\t\t\t\t<h2 class=\"m-neuron-portfolio__title\">Villa Auri<\/h2>\t\t\t\t\t\t\t\t\t<\/div>\r\n\t\t\t\t\t\t\t\t<\/div>\r\n\t\t\t\t\t\t\t\t\t\t\t\t\t\t\t<\/article>\r\n\t\t\t\t\t\t\t\t\t\t\t\t\t\t<article class=\"swiper-slide m-neuron-portfolio m-neuron-post post-7614 projecte type-projecte status-publish has-post-thumbnail hentry\" data-id=\"7614\">\r\n\t\t\t\t\t\t\t\t<div class=\"m-neuron-post__thumbnail--link m-neuron-portfolio__thumbnail--link\" >\r\n\t\t\t\t\t\t\t\t\t<a class=\"m-neuron-portfolio__link\" href=\"https:\/\/bloomdesignbcn.com\/es\/projecte\/cult\/\"><\/a>\r\n\t\t\t\t\t\t\t\t\t<div class=\"m-neuron-post__thumbnail m-neuron-portfolio__thumbnail\"><img decoding=\"async\" width=\"2000\" height=\"1125\" src=\"https:\/\/bloomdesignbcn.com\/wp-content\/uploads\/2024\/11\/CULT-RENDER-8k-.webp\" class=\"attachment-full size-full wp-post-image\" alt=\"\" srcset=\"https:\/\/bloomdesignbcn.com\/wp-content\/uploads\/2024\/11\/CULT-RENDER-8k-.webp 2000w, https:\/\/bloomdesignbcn.com\/wp-content\/uploads\/2024\/11\/CULT-RENDER-8k--300x169.webp 300w, https:\/\/bloomdesignbcn.com\/wp-content\/uploads\/2024\/11\/CULT-RENDER-8k--1024x576.webp 1024w, https:\/\/bloomdesignbcn.com\/wp-content\/uploads\/2024\/11\/CULT-RENDER-8k--768x432.webp 768w, https:\/\/bloomdesignbcn.com\/wp-content\/uploads\/2024\/11\/CULT-RENDER-8k--1536x864.webp 1536w\" sizes=\"(max-width: 2000px) 100vw, 2000px\" \/><\/div>\t\t\t\t\t\t\t\t\t<div class=\"m-neuron-portfolio__overlay\">\r\n\t\t\t\t\t\t\t\t\t\t<h2 class=\"m-neuron-portfolio__title\">Cult<\/h2>\t\t\t\t\t\t\t\t\t<\/div>\r\n\t\t\t\t\t\t\t\t<\/div>\r\n\t\t\t\t\t\t\t\t\t\t\t\t\t\t\t<\/article>\r\n\t\t\t\t\t\t\t\t\t\t\t\t\t\t<article class=\"swiper-slide m-neuron-portfolio m-neuron-post post-7615 projecte type-projecte status-publish has-post-thumbnail hentry\" data-id=\"7615\">\r\n\t\t\t\t\t\t\t\t<div class=\"m-neuron-post__thumbnail--link m-neuron-portfolio__thumbnail--link\" >\r\n\t\t\t\t\t\t\t\t\t<a class=\"m-neuron-portfolio__link\" href=\"https:\/\/bloomdesignbcn.com\/es\/projecte\/el-mirador\/\"><\/a>\r\n\t\t\t\t\t\t\t\t\t<div class=\"m-neuron-post__thumbnail m-neuron-portfolio__thumbnail\"><img decoding=\"async\" width=\"2000\" height=\"1125\" src=\"https:\/\/bloomdesignbcn.com\/wp-content\/uploads\/2024\/11\/EL_MIRADOR-02_R3.webp\" class=\"attachment-full size-full wp-post-image\" alt=\"\" srcset=\"https:\/\/bloomdesignbcn.com\/wp-content\/uploads\/2024\/11\/EL_MIRADOR-02_R3.webp 2000w, https:\/\/bloomdesignbcn.com\/wp-content\/uploads\/2024\/11\/EL_MIRADOR-02_R3-300x169.webp 300w, https:\/\/bloomdesignbcn.com\/wp-content\/uploads\/2024\/11\/EL_MIRADOR-02_R3-1024x576.webp 1024w, https:\/\/bloomdesignbcn.com\/wp-content\/uploads\/2024\/11\/EL_MIRADOR-02_R3-768x432.webp 768w, https:\/\/bloomdesignbcn.com\/wp-content\/uploads\/2024\/11\/EL_MIRADOR-02_R3-1536x864.webp 1536w\" sizes=\"(max-width: 2000px) 100vw, 2000px\" \/><\/div>\t\t\t\t\t\t\t\t\t<div class=\"m-neuron-portfolio__overlay\">\r\n\t\t\t\t\t\t\t\t\t\t<h2 class=\"m-neuron-portfolio__title\">El Mirador<\/h2>\t\t\t\t\t\t\t\t\t<\/div>\r\n\t\t\t\t\t\t\t\t<\/div>\r\n\t\t\t\t\t\t\t\t\t\t\t\t\t\t\t<\/article>\r\n\t\t\t\t\t\t\t\t\t\t\t\t\t\t<article class=\"swiper-slide m-neuron-portfolio m-neuron-post post-7622 projecte type-projecte status-publish has-post-thumbnail hentry\" data-id=\"7622\">\r\n\t\t\t\t\t\t\t\t<div class=\"m-neuron-post__thumbnail--link m-neuron-portfolio__thumbnail--link\" >\r\n\t\t\t\t\t\t\t\t\t<a class=\"m-neuron-portfolio__link\" href=\"https:\/\/bloomdesignbcn.com\/es\/projecte\/gaieta\/\"><\/a>\r\n\t\t\t\t\t\t\t\t\t<div class=\"m-neuron-post__thumbnail m-neuron-portfolio__thumbnail\"><img loading=\"lazy\" decoding=\"async\" width=\"2000\" height=\"1500\" src=\"https:\/\/bloomdesignbcn.com\/wp-content\/uploads\/2024\/11\/Gaieta-Possible-foto-principal.webp\" class=\"attachment-full size-full wp-post-image\" alt=\"\" srcset=\"https:\/\/bloomdesignbcn.com\/wp-content\/uploads\/2024\/11\/Gaieta-Possible-foto-principal.webp 2000w, https:\/\/bloomdesignbcn.com\/wp-content\/uploads\/2024\/11\/Gaieta-Possible-foto-principal-300x225.webp 300w, https:\/\/bloomdesignbcn.com\/wp-content\/uploads\/2024\/11\/Gaieta-Possible-foto-principal-1024x768.webp 1024w, https:\/\/bloomdesignbcn.com\/wp-content\/uploads\/2024\/11\/Gaieta-Possible-foto-principal-768x576.webp 768w, https:\/\/bloomdesignbcn.com\/wp-content\/uploads\/2024\/11\/Gaieta-Possible-foto-principal-1536x1152.webp 1536w\" sizes=\"(max-width: 2000px) 100vw, 2000px\" \/><\/div>\t\t\t\t\t\t\t\t\t<div class=\"m-neuron-portfolio__overlay\">\r\n\t\t\t\t\t\t\t\t\t\t<h2 class=\"m-neuron-portfolio__title\">Gaiet\u00e0<\/h2>\t\t\t\t\t\t\t\t\t<\/div>\r\n\t\t\t\t\t\t\t\t<\/div>\r\n\t\t\t\t\t\t\t\t\t\t\t\t\t\t\t<\/article>\r\n\t\t\t\t\t\t\t\t\t\t\t\t\t\t<article class=\"swiper-slide m-neuron-portfolio m-neuron-post post-7613 projecte type-projecte status-publish has-post-thumbnail hentry\" data-id=\"7613\">\r\n\t\t\t\t\t\t\t\t<div class=\"m-neuron-post__thumbnail--link m-neuron-portfolio__thumbnail--link\" >\r\n\t\t\t\t\t\t\t\t\t<a class=\"m-neuron-portfolio__link\" href=\"https:\/\/bloomdesignbcn.com\/es\/projecte\/villa-sant-sebastia\/\"><\/a>\r\n\t\t\t\t\t\t\t\t\t<div class=\"m-neuron-post__thumbnail m-neuron-portfolio__thumbnail\"><img loading=\"lazy\" decoding=\"async\" width=\"1920\" height=\"1440\" src=\"https:\/\/bloomdesignbcn.com\/wp-content\/uploads\/2024\/11\/Sant-Sebastia-Villa-Jardi.webp\" class=\"attachment-full size-full wp-post-image\" alt=\"\" srcset=\"https:\/\/bloomdesignbcn.com\/wp-content\/uploads\/2024\/11\/Sant-Sebastia-Villa-Jardi.webp 1920w, https:\/\/bloomdesignbcn.com\/wp-content\/uploads\/2024\/11\/Sant-Sebastia-Villa-Jardi-300x225.webp 300w, https:\/\/bloomdesignbcn.com\/wp-content\/uploads\/2024\/11\/Sant-Sebastia-Villa-Jardi-1024x768.webp 1024w, https:\/\/bloomdesignbcn.com\/wp-content\/uploads\/2024\/11\/Sant-Sebastia-Villa-Jardi-768x576.webp 768w, https:\/\/bloomdesignbcn.com\/wp-content\/uploads\/2024\/11\/Sant-Sebastia-Villa-Jardi-1536x1152.webp 1536w\" sizes=\"(max-width: 1920px) 100vw, 1920px\" \/><\/div>\t\t\t\t\t\t\t\t\t<div class=\"m-neuron-portfolio__overlay\">\r\n\t\t\t\t\t\t\t\t\t\t<h2 class=\"m-neuron-portfolio__title\">Villa Sant Sebasti\u00e0<\/h2>\t\t\t\t\t\t\t\t\t<\/div>\r\n\t\t\t\t\t\t\t\t<\/div>\r\n\t\t\t\t\t\t\t\t\t\t\t\t\t\t\t<\/article>\r\n\t\t\t\t\t\t\t\t\t\t\t\t\t\t<article class=\"swiper-slide m-neuron-portfolio m-neuron-post post-7616 projecte type-projecte status-publish has-post-thumbnail hentry\" data-id=\"7616\">\r\n\t\t\t\t\t\t\t\t<div class=\"m-neuron-post__thumbnail--link m-neuron-portfolio__thumbnail--link\" >\r\n\t\t\t\t\t\t\t\t\t<a class=\"m-neuron-portfolio__link\" href=\"https:\/\/bloomdesignbcn.com\/es\/projecte\/samekh\/\"><\/a>\r\n\t\t\t\t\t\t\t\t\t<div class=\"m-neuron-post__thumbnail m-neuron-portfolio__thumbnail\"><img loading=\"lazy\" decoding=\"async\" width=\"2000\" height=\"1200\" src=\"https:\/\/bloomdesignbcn.com\/wp-content\/uploads\/2024\/11\/Samekh-Frontal-tarde.webp\" class=\"attachment-full size-full wp-post-image\" alt=\"\" srcset=\"https:\/\/bloomdesignbcn.com\/wp-content\/uploads\/2024\/11\/Samekh-Frontal-tarde.webp 2000w, https:\/\/bloomdesignbcn.com\/wp-content\/uploads\/2024\/11\/Samekh-Frontal-tarde-300x180.webp 300w, https:\/\/bloomdesignbcn.com\/wp-content\/uploads\/2024\/11\/Samekh-Frontal-tarde-1024x614.webp 1024w, https:\/\/bloomdesignbcn.com\/wp-content\/uploads\/2024\/11\/Samekh-Frontal-tarde-768x461.webp 768w, https:\/\/bloomdesignbcn.com\/wp-content\/uploads\/2024\/11\/Samekh-Frontal-tarde-1536x922.webp 1536w\" sizes=\"(max-width: 2000px) 100vw, 2000px\" \/><\/div>\t\t\t\t\t\t\t\t\t<div class=\"m-neuron-portfolio__overlay\">\r\n\t\t\t\t\t\t\t\t\t\t<h2 class=\"m-neuron-portfolio__title\">Samekh<\/h2>\t\t\t\t\t\t\t\t\t<\/div>\r\n\t\t\t\t\t\t\t\t<\/div>\r\n\t\t\t\t\t\t\t\t\t\t\t\t\t\t\t<\/article>\r\n\t\t\t\t\t\t\t\t\t\t\t\t\t\t<article class=\"swiper-slide m-neuron-portfolio m-neuron-post post-7617 projecte type-projecte status-publish has-post-thumbnail hentry category-inversion-es\" data-id=\"7617\">\r\n\t\t\t\t\t\t\t\t<div class=\"m-neuron-post__thumbnail--link m-neuron-portfolio__thumbnail--link\" >\r\n\t\t\t\t\t\t\t\t\t<a class=\"m-neuron-portfolio__link\" href=\"https:\/\/bloomdesignbcn.com\/es\/projecte\/ganduixer\/\"><\/a>\r\n\t\t\t\t\t\t\t\t\t<div class=\"m-neuron-post__thumbnail m-neuron-portfolio__thumbnail\"><img loading=\"lazy\" decoding=\"async\" width=\"2000\" height=\"1297\" src=\"https:\/\/bloomdesignbcn.com\/wp-content\/uploads\/2024\/11\/Ganduixer-image00029.webp\" class=\"attachment-full size-full wp-post-image\" alt=\"\" srcset=\"https:\/\/bloomdesignbcn.com\/wp-content\/uploads\/2024\/11\/Ganduixer-image00029.webp 2000w, https:\/\/bloomdesignbcn.com\/wp-content\/uploads\/2024\/11\/Ganduixer-image00029-300x195.webp 300w, https:\/\/bloomdesignbcn.com\/wp-content\/uploads\/2024\/11\/Ganduixer-image00029-1024x664.webp 1024w, https:\/\/bloomdesignbcn.com\/wp-content\/uploads\/2024\/11\/Ganduixer-image00029-768x498.webp 768w, https:\/\/bloomdesignbcn.com\/wp-content\/uploads\/2024\/11\/Ganduixer-image00029-1536x996.webp 1536w\" sizes=\"(max-width: 2000px) 100vw, 2000px\" \/><\/div>\t\t\t\t\t\t\t\t\t<div class=\"m-neuron-portfolio__overlay\">\r\n\t\t\t\t\t\t\t\t\t\t<h2 class=\"m-neuron-portfolio__title\">Ganduixer<\/h2>\t\t\t\t\t\t\t\t\t<\/div>\r\n\t\t\t\t\t\t\t\t<\/div>\r\n\t\t\t\t\t\t\t\t\t\t\t\t\t\t\t<\/article>\r\n\t\t\t\t\t\t\t\t\t\t\t\t\t\t<article class=\"swiper-slide m-neuron-portfolio m-neuron-post post-7618 projecte type-projecte status-publish has-post-thumbnail hentry\" data-id=\"7618\">\r\n\t\t\t\t\t\t\t\t<div class=\"m-neuron-post__thumbnail--link m-neuron-portfolio__thumbnail--link\" >\r\n\t\t\t\t\t\t\t\t\t<a class=\"m-neuron-portfolio__link\" href=\"https:\/\/bloomdesignbcn.com\/es\/projecte\/pedracastell\/\"><\/a>\r\n\t\t\t\t\t\t\t\t\t<div class=\"m-neuron-post__thumbnail m-neuron-portfolio__thumbnail\"><img loading=\"lazy\" decoding=\"async\" width=\"1327\" height=\"876\" src=\"https:\/\/bloomdesignbcn.com\/wp-content\/uploads\/2024\/11\/3Q0B3241-copia.webp\" class=\"attachment-full size-full wp-post-image\" alt=\"\" srcset=\"https:\/\/bloomdesignbcn.com\/wp-content\/uploads\/2024\/11\/3Q0B3241-copia.webp 1327w, https:\/\/bloomdesignbcn.com\/wp-content\/uploads\/2024\/11\/3Q0B3241-copia-300x198.webp 300w, https:\/\/bloomdesignbcn.com\/wp-content\/uploads\/2024\/11\/3Q0B3241-copia-1024x676.webp 1024w, https:\/\/bloomdesignbcn.com\/wp-content\/uploads\/2024\/11\/3Q0B3241-copia-768x507.webp 768w\" sizes=\"(max-width: 1327px) 100vw, 1327px\" \/><\/div>\t\t\t\t\t\t\t\t\t<div class=\"m-neuron-portfolio__overlay\">\r\n\t\t\t\t\t\t\t\t\t\t<h2 class=\"m-neuron-portfolio__title\">Pedracastell<\/h2>\t\t\t\t\t\t\t\t\t<\/div>\r\n\t\t\t\t\t\t\t\t<\/div>\r\n\t\t\t\t\t\t\t\t\t\t\t\t\t\t\t<\/article>\r\n\t\t\t\t\t\t\t\t\t\t\t\t\t\t<article class=\"swiper-slide m-neuron-portfolio m-neuron-post post-7619 projecte type-projecte status-publish has-post-thumbnail hentry category-inversion-es\" data-id=\"7619\">\r\n\t\t\t\t\t\t\t\t<div class=\"m-neuron-post__thumbnail--link m-neuron-portfolio__thumbnail--link\" >\r\n\t\t\t\t\t\t\t\t\t<a class=\"m-neuron-portfolio__link\" href=\"https:\/\/bloomdesignbcn.com\/es\/projecte\/residencial-tiana\/\"><\/a>\r\n\t\t\t\t\t\t\t\t\t<div class=\"m-neuron-post__thumbnail m-neuron-portfolio__thumbnail\"><img loading=\"lazy\" decoding=\"async\" width=\"1920\" height=\"1280\" src=\"https:\/\/bloomdesignbcn.com\/wp-content\/uploads\/2024\/11\/Tiana-Sala-Tiana.webp\" class=\"attachment-full size-full wp-post-image\" alt=\"\" srcset=\"https:\/\/bloomdesignbcn.com\/wp-content\/uploads\/2024\/11\/Tiana-Sala-Tiana.webp 1920w, https:\/\/bloomdesignbcn.com\/wp-content\/uploads\/2024\/11\/Tiana-Sala-Tiana-300x200.webp 300w, https:\/\/bloomdesignbcn.com\/wp-content\/uploads\/2024\/11\/Tiana-Sala-Tiana-1024x683.webp 1024w, https:\/\/bloomdesignbcn.com\/wp-content\/uploads\/2024\/11\/Tiana-Sala-Tiana-768x512.webp 768w, https:\/\/bloomdesignbcn.com\/wp-content\/uploads\/2024\/11\/Tiana-Sala-Tiana-1536x1024.webp 1536w\" sizes=\"(max-width: 1920px) 100vw, 1920px\" \/><\/div>\t\t\t\t\t\t\t\t\t<div class=\"m-neuron-portfolio__overlay\">\r\n\t\t\t\t\t\t\t\t\t\t<h2 class=\"m-neuron-portfolio__title\">Residencial Tiana<\/h2>\t\t\t\t\t\t\t\t\t<\/div>\r\n\t\t\t\t\t\t\t\t<\/div>\r\n\t\t\t\t\t\t\t\t\t\t\t\t\t\t\t<\/article>\r\n\t\t\t\t\t\t\t\t\t\t\t\t\t\t<article class=\"swiper-slide m-neuron-portfolio m-neuron-post post-7620 projecte type-projecte status-publish has-post-thumbnail hentry\" data-id=\"7620\">\r\n\t\t\t\t\t\t\t\t<div class=\"m-neuron-post__thumbnail--link m-neuron-portfolio__thumbnail--link\" >\r\n\t\t\t\t\t\t\t\t\t<a class=\"m-neuron-portfolio__link\" href=\"https:\/\/bloomdesignbcn.com\/es\/projecte\/atico-balmes\/\"><\/a>\r\n\t\t\t\t\t\t\t\t\t<div class=\"m-neuron-post__thumbnail m-neuron-portfolio__thumbnail\"><img loading=\"lazy\" decoding=\"async\" width=\"2000\" height=\"1331\" src=\"https:\/\/bloomdesignbcn.com\/wp-content\/uploads\/2024\/11\/BALMES-ESCALERA.webp\" class=\"attachment-full size-full wp-post-image\" alt=\"\" srcset=\"https:\/\/bloomdesignbcn.com\/wp-content\/uploads\/2024\/11\/BALMES-ESCALERA.webp 2000w, https:\/\/bloomdesignbcn.com\/wp-content\/uploads\/2024\/11\/BALMES-ESCALERA-300x200.webp 300w, https:\/\/bloomdesignbcn.com\/wp-content\/uploads\/2024\/11\/BALMES-ESCALERA-1024x681.webp 1024w, https:\/\/bloomdesignbcn.com\/wp-content\/uploads\/2024\/11\/BALMES-ESCALERA-768x511.webp 768w, https:\/\/bloomdesignbcn.com\/wp-content\/uploads\/2024\/11\/BALMES-ESCALERA-1536x1022.webp 1536w\" sizes=\"(max-width: 2000px) 100vw, 2000px\" \/><\/div>\t\t\t\t\t\t\t\t\t<div class=\"m-neuron-portfolio__overlay\">\r\n\t\t\t\t\t\t\t\t\t\t<h2 class=\"m-neuron-portfolio__title\">\u00c1tico Balmes<\/h2>\t\t\t\t\t\t\t\t\t<\/div>\r\n\t\t\t\t\t\t\t\t<\/div>\r\n\t\t\t\t\t\t\t\t\t\t\t\t\t\t\t<\/article>\r\n\t\t\t\t\t\t\t\t\t\t\t<\/div>\r\n\r\n\t\t\t\t\t\t\t<\/div>\r\n\r\n\t\t\t\r\n\t\t\t\t\t\t\t<div class=\"swiper-pagination neuron-swiper-dots\"><\/div>\r\n\t\t\t\t\t\t\r\n\t\t\t\t\t\t\t<div class=\"neuron-swiper-button neuron-swiper-button--prev\">\r\n\t\t\t\t\t\t\t\t\t\t\t<div class=\"neuron-icon\"><svg xmlns=\"http:\/\/www.w3.org\/2000\/svg\" width=\"48\" height=\"48\" viewBox=\"0 0 48 48\" fill=\"none\"><path d=\"M31 23.8333L17 23.8333M17 23.8333L22.4444 18M17 23.8333L22.4444 29.6667\" stroke=\"white\" stroke-width=\"1.5\" stroke-linecap=\"round\" stroke-linejoin=\"round\"><\/path><rect x=\"0.5\" y=\"0.5\" width=\"47\" height=\"47\" stroke=\"white\" stroke-opacity=\"0.2\"><\/rect><\/svg><\/div>\r\n\t\t\t\t\t\t\t\t\t\t<span class=\"neuron-swiper-button--hidden\">Previous<\/span>\r\n\t\t\t\t<\/div>\r\n\t\t\t\t<div class=\"neuron-swiper-button neuron-swiper-button--next\">\r\n\t\t\t\t\t\t\t\t\t\t\t<div class=\"neuron-icon\"><svg xmlns=\"http:\/\/www.w3.org\/2000\/svg\" width=\"48\" height=\"48\" viewBox=\"0 0 48 48\" fill=\"none\"><path d=\"M31 23.8333L17 23.8333M17 23.8333L22.4444 18M17 23.8333L22.4444 29.6667\" stroke=\"white\" stroke-width=\"1.5\" stroke-linecap=\"round\" stroke-linejoin=\"round\"><\/path><rect x=\"0.5\" y=\"0.5\" width=\"47\" height=\"47\" stroke=\"white\" stroke-opacity=\"0.2\"><\/rect><\/svg><\/div>\r\n\t\t\t\t\t\t\t\t\t\t<span class=\"neuron-swiper-button--hidden\">Next<\/span>\r\n\t\t\t\t<\/div>\r\n\t\t\t\t\t\t<\/div>\r\n\t\t\r\n\t\t\t\t<\/div>\n\t\t\t\t<\/div>\n\t\t\t\t\t<\/div>\n\t\t<\/div>\n\t\t\t\t\t<\/div>\n\t\t<\/section>\n\t\t\t\t<section class=\"elementor-section elementor-top-section elementor-element elementor-element-882b785 elementor-section-full_width elementor-section-height-min-height elementor-section-height-default elementor-section-items-middle\" data-id=\"882b785\" data-element_type=\"section\">\n\t\t\t\t\t\t<div class=\"elementor-container elementor-column-gap-default\">\n\t\t\t\t\t<div class=\"elementor-column elementor-col-100 elementor-top-column elementor-element elementor-element-a5edf53\" data-id=\"a5edf53\" data-element_type=\"column\">\n\t\t\t<div class=\"elementor-widget-wrap elementor-element-populated\">\n\t\t\t\t\t\t<div class=\"elementor-element elementor-element-82ad5ac elementor-align-right elementor-mobile-align-left elementor-icon-list--layout-traditional elementor-list-item-link-full_width elementor-widget elementor-widget-icon-list\" data-id=\"82ad5ac\" data-element_type=\"widget\" data-widget_type=\"icon-list.default\">\n\t\t\t\t<div class=\"elementor-widget-container\">\n\t\t\t\t\t<ul class=\"elementor-icon-list-items\">\n\t\t\t\t\t\t\t<li class=\"elementor-icon-list-item\">\n\t\t\t\t\t\t\t\t\t\t\t<a href=\"https:\/\/bloomdesignbcn.com\/es\/proyectos-lista\/\">\n\n\t\t\t\t\t\t\t\t\t\t\t\t<span class=\"elementor-icon-list-icon\">\n\t\t\t\t\t\t\t<i aria-hidden=\"true\" class=\"fas fa-list-ul\"><\/i>\t\t\t\t\t\t<\/span>\n\t\t\t\t\t\t\t\t\t\t<span class=\"elementor-icon-list-text\">Ver lista<\/span>\n\t\t\t\t\t\t\t\t\t\t\t<\/a>\n\t\t\t\t\t\t\t\t\t<\/li>\n\t\t\t\t\t\t<\/ul>\n\t\t\t\t<\/div>\n\t\t\t\t<\/div>\n\t\t\t\t\t<\/div>\n\t\t<\/div>\n\t\t\t\t\t<\/div>\n\t\t<\/section>\n\t\t\t\t<\/div>\n\t\t","protected":false},"excerpt":{"rendered":"<p>Villa Auri Cult El Mirador Gaiet\u00e0 Villa Sant Sebasti\u00e0 Samekh Ganduixer Pedracastell Residencial Tiana \u00c1tico Balmes Previous Next Ver lista<\/p>\n","protected":false},"author":1,"featured_media":0,"parent":0,"menu_order":0,"comment_status":"closed","ping_status":"closed","template":"","meta":{"_acf_changed":false,"footnotes":""},"class_list":["post-7551","page","type-page","status-publish","hentry"],"acf":[],"_links":{"self":[{"href":"https:\/\/bloomdesignbcn.com\/es\/wp-json\/wp\/v2\/pages\/7551","targetHints":{"allow":["GET"]}}],"collection":[{"href":"https:\/\/bloomdesignbcn.com\/es\/wp-json\/wp\/v2\/pages"}],"about":[{"href":"https:\/\/bloomdesignbcn.com\/es\/wp-json\/wp\/v2\/types\/page"}],"author":[{"embeddable":true,"href":"https:\/\/bloomdesignbcn.com\/es\/wp-json\/wp\/v2\/users\/1"}],"replies":[{"embeddable":true,"href":"https:\/\/bloomdesignbcn.com\/es\/wp-json\/wp\/v2\/comments?post=7551"}],"version-history":[{"count":5,"href":"https:\/\/bloomdesignbcn.com\/es\/wp-json\/wp\/v2\/pages\/7551\/revisions"}],"predecessor-version":[{"id":7645,"href":"https:\/\/bloomdesignbcn.com\/es\/wp-json\/wp\/v2\/pages\/7551\/revisions\/7645"}],"wp:attachment":[{"href":"https:\/\/bloomdesignbcn.com\/es\/wp-json\/wp\/v2\/media?parent=7551"}],"curies":[{"name":"wp","href":"https:\/\/api.w.org\/{rel}","templated":true}]}}